{"id":2281,"date":"2021-04-29T11:32:23","date_gmt":"2021-04-29T09:32:23","guid":{"rendered":"https:\/\/www.la-fattoria.ch\/product\/saucisson-sec-de-porc\/"},"modified":"2021-04-29T11:32:23","modified_gmt":"2021-04-29T09:32:23","slug":"saucisson-sec-de-porc","status":"publish","type":"product","link":"https:\/\/www.la-fattoria.ch\/fr\/produit\/saucisson-sec-de-porc\/","title":{"rendered":"Saucisson sec de porc"},"content":{"rendered":"<p>Prix indiqu\u00e9 \u00e0 la pi\u00e8ce<\/p>\n<p>le poids peut varier entre (80\/100 g) par pi\u00e8ce<\/p>\n","protected":false},"excerpt":{"rendered":"Prix indiqu\u00e9 \u00e0 la pi\u00e8ce le poids peut varier entre (80\/100 g) par pi\u00e8ce","protected":false},"featured_media":1713,"template":"","meta":[],"product_brand":[],"product_cat":[133],"product_tag":[],"class_list":{"0":"post-2281","1":"product","2":"type-product","3":"status-publish","4":"has-post-thumbnail","6":"product_cat-charcuterie-saucisses","8":"first","9":"instock","10":"taxable","11":"shipping-taxable","12":"purchasable","13":"product-type-simple"},"jetpack_sharing_enabled":true,"_links":{"self":[{"href":"https:\/\/www.la-fattoria.ch\/fr\/wp-json\/wp\/v2\/product\/2281","targetHints":{"allow":["GET"]}}],"collection":[{"href":"https:\/\/www.la-fattoria.ch\/fr\/wp-json\/wp\/v2\/product"}],"about":[{"href":"https:\/\/www.la-fattoria.ch\/fr\/wp-json\/wp\/v2\/types\/product"}],"version-history":[{"count":0,"href":"https:\/\/www.la-fattoria.ch\/fr\/wp-json\/wp\/v2\/product\/2281\/revisions"}],"wp:featuredmedia":[{"embeddable":true,"href":"https:\/\/www.la-fattoria.ch\/fr\/wp-json\/wp\/v2\/media\/1713"}],"wp:attachment":[{"href":"https:\/\/www.la-fattoria.ch\/fr\/wp-json\/wp\/v2\/media?parent=2281"}],"wp:term":[{"taxonomy":"product_brand","embeddable":true,"href":"https:\/\/www.la-fattoria.ch\/fr\/wp-json\/wp\/v2\/product_brand?post=2281"},{"taxonomy":"product_cat","embeddable":true,"href":"https:\/\/www.la-fattoria.ch\/fr\/wp-json\/wp\/v2\/product_cat?post=2281"},{"taxonomy":"product_tag","embeddable":true,"href":"https:\/\/www.la-fattoria.ch\/fr\/wp-json\/wp\/v2\/product_tag?post=2281"}],"curies":[{"name":"wp","href":"https:\/\/api.w.org\/{rel}","templated":true}]}}