{"id":2270,"date":"2021-04-29T11:34:22","date_gmt":"2021-04-29T09:34:22","guid":{"rendered":"https:\/\/www.la-fattoria.ch\/product\/saucisson-dane\/"},"modified":"2021-04-29T11:34:22","modified_gmt":"2021-04-29T09:34:22","slug":"saucisson-dane","status":"publish","type":"product","link":"https:\/\/www.la-fattoria.ch\/fr\/produit\/saucisson-dane\/","title":{"rendered":"Saucisson d&rsquo;\u00e2ne"},"content":{"rendered":"<p>Prix indiqu\u00e9 \u00e0 la pi\u00e8ce<\/p>\n<p>le poids peut varier entre (80\/100 g) par pi\u00e8ce<\/p>\n","protected":false},"excerpt":{"rendered":"Prix indiqu\u00e9 \u00e0 la pi\u00e8ce le poids peut varier entre (80\/100 g) par pi\u00e8ce","protected":false},"featured_media":1711,"template":"","meta":[],"product_brand":[],"product_cat":[133],"product_tag":[],"class_list":{"0":"post-2270","1":"product","2":"type-product","3":"status-publish","4":"has-post-thumbnail","6":"product_cat-charcuterie-saucisses","8":"first","9":"outofstock","10":"taxable","11":"shipping-taxable","12":"purchasable","13":"product-type-simple"},"jetpack_sharing_enabled":true,"_links":{"self":[{"href":"https:\/\/www.la-fattoria.ch\/fr\/wp-json\/wp\/v2\/product\/2270","targetHints":{"allow":["GET"]}}],"collection":[{"href":"https:\/\/www.la-fattoria.ch\/fr\/wp-json\/wp\/v2\/product"}],"about":[{"href":"https:\/\/www.la-fattoria.ch\/fr\/wp-json\/wp\/v2\/types\/product"}],"version-history":[{"count":0,"href":"https:\/\/www.la-fattoria.ch\/fr\/wp-json\/wp\/v2\/product\/2270\/revisions"}],"wp:featuredmedia":[{"embeddable":true,"href":"https:\/\/www.la-fattoria.ch\/fr\/wp-json\/wp\/v2\/media\/1711"}],"wp:attachment":[{"href":"https:\/\/www.la-fattoria.ch\/fr\/wp-json\/wp\/v2\/media?parent=2270"}],"wp:term":[{"taxonomy":"product_brand","embeddable":true,"href":"https:\/\/www.la-fattoria.ch\/fr\/wp-json\/wp\/v2\/product_brand?post=2270"},{"taxonomy":"product_cat","embeddable":true,"href":"https:\/\/www.la-fattoria.ch\/fr\/wp-json\/wp\/v2\/product_cat?post=2270"},{"taxonomy":"product_tag","embeddable":true,"href":"https:\/\/www.la-fattoria.ch\/fr\/wp-json\/wp\/v2\/product_tag?post=2270"}],"curies":[{"name":"wp","href":"https:\/\/api.w.org\/{rel}","templated":true}]}}